{"id":2540,"date":"2020-05-07T11:48:28","date_gmt":"2020-05-07T11:48:28","guid":{"rendered":"https:\/\/www.take2.me\/?page_id=2540"},"modified":"2022-11-21T12:43:03","modified_gmt":"2022-11-21T12:43:03","slug":"fusoes-e-aquisicoes","status":"publish","type":"page","link":"https:\/\/lataxnet.net\/pt\/fusoes-e-aquisicoes\/","title":{"rendered":"Societ\u00e1rio (Fus\u00f5es e Aquisi\u00e7\u00f5es)"},"content":{"rendered":"<p><div class=\"fusion-fullwidth fullwidth-box fusion-builder-row-1 nonhundred-percent-fullwidth non-hundred-percent-height-scrolling\" style=\"background-color: rgba(255,255,255,0);background-position: center center;background-repeat: no-repeat;padding-top:0px;padding-right:0px;padding-bottom:0px;padding-left:0px;margin-bottom: 0px;margin-top: 0px;border-width: 0px 0px 0px 0px;border-color:#e2e2e2;border-style:solid;\" ><div class=\"fusion-builder-row fusion-row\"><div class=\"fusion-layout-column fusion_builder_column fusion-builder-column-0 fusion_builder_column_2_3 2_3 fusion-two-third fusion-column-first\" style=\"width:66.666666666667%;width:calc(66.666666666667% - ( ( 4% ) * 0.66666666666667 ) );margin-right: 4%;margin-top:0px;margin-bottom:0px;\"><div class=\"fusion-column-wrapper fusion-flex-column-wrapper-legacy\" style=\"background-position:left top;background-repeat:no-repeat;-webkit-background-size:cover;-moz-background-size:cover;-o-background-size:cover;background-size:cover;padding: 0px 0px 0px 0px;\"><style type=\"text\/css\"><\/style><div class=\"fusion-title title fusion-title-1 fusion-sep-none fusion-title-text fusion-title-size-three\" style=\"margin-top:10px;margin-bottom:15px;\"><h3 class=\"title-heading-left\" style=\"margin:0;color:#006d88;\"><span style=\"font-family: Akko;\" data-fusion-font=\"true\">Societ\u00e1rio (Fus\u00f5es e Aquisi\u00e7\u00f5es)<\/span><\/h3><\/div><div class=\"fusion-clearfix\"><\/div><\/div><\/div><\/div><\/div><div class=\"fusion-fullwidth fullwidth-box fusion-builder-row-2 nonhundred-percent-fullwidth non-hundred-percent-height-scrolling\" style=\"background-color: rgba(255,255,255,0);background-position: center center;background-repeat: no-repeat;padding-top:0px;padding-right:0px;padding-bottom:0px;padding-left:0px;margin-bottom: 0px;margin-top: 0px;border-width: 0px 0px 0px 0px;border-color:#e2e2e2;border-style:solid;\" ><div class=\"fusion-builder-row fusion-row\"><div class=\"fusion-layout-column fusion_builder_column fusion-builder-column-1 fusion_builder_column_2_3 2_3 fusion-two-third fusion-column-first\" style=\"width:66.666666666667%;width:calc(66.666666666667% - ( ( 4% ) * 0.66666666666667 ) );margin-right: 4%;margin-top:0px;margin-bottom:20px;\"><div class=\"fusion-column-wrapper fusion-flex-column-wrapper-legacy\" style=\"background-position:left top;background-repeat:no-repeat;-webkit-background-size:cover;-moz-background-size:cover;-o-background-size:cover;background-size:cover;padding: 0px 0px 0px 0px;\"><div class=\"fusion-text fusion-text-1\"><p><b>Fus\u00f5es, aquisi\u00e7\u00f5es, consolida\u00e7\u00f5es, licita\u00e7\u00f5es, compra de ativos, gest\u00e3o de aquisi\u00e7\u00f5es e outras transa\u00e7\u00f5es de capital envolvem processos complexos com potenciais armadilhas legais, regulat\u00f3rias e fiscais que podem transformar o sucesso em fracasso.<\/b><\/p>\n<p>Nossos especialistas em fus\u00f5es e aquisi\u00e7\u00f5es possuem larga experi\u00eancia em auxiliar empresas com todos os recursos legais e fiscais relacionados a transa\u00e7\u00f5es corporativas e comerciais. Nossa equipe regional de fus\u00f5es e aquisi\u00e7\u00f5es nos permite ter especialistas com ampla experi\u00eancia em qualquer dom\u00ednio que seja crucial para a conclus\u00e3o bem-sucedida dos processos de fus\u00e3o e aquisi\u00e7\u00e3o.<\/p>\n<p>Nossos servi\u00e7os come\u00e7am pela identifica\u00e7\u00e3o da melhor alternativa para a transa\u00e7\u00e3o e para otimizar a estrutura. Tamb\u00e9m inclui trabalhos de due diligence e abordagem de todas as quest\u00f5es relevantes com autoridades regulat\u00f3rias (por exemplo, mercados de capitais, seguros, bancos), antitruste e outras autoridades relevantes, bem como a produ\u00e7\u00e3o de consultoria jur\u00eddica e tribut\u00e1ria para o p\u00f3s-fechamento.<\/p>\n<p>Sabemos que fus\u00f5es e aquisi\u00e7\u00f5es e outras transa\u00e7\u00f5es semelhantes exigem trabalho de alta qualidade sob grande press\u00e3o. Nossos profissionais possuem uma vasta experi\u00eancia em lidar com projetos locais e transfronteiri\u00e7os de fus\u00f5es e aquisi\u00e7\u00f5es e est\u00e3o prontos para se juntar \u00e0 sua equipe rapidamente, entregando resultados confi\u00e1veis e em tempo h\u00e1bil, agregando valor ao processo.<\/p>\n<p>Oferecemos consultoria em transa\u00e7\u00f5es de fus\u00f5es e aquisi\u00e7\u00f5es p\u00fablicas e privadas. Nossos servi\u00e7os incluem, entre outros:<\/p>\n<ul>\n<li>Due Diligence para Compradores e Vendedores<\/li>\n<li>Estrutura\u00e7\u00e3o de Abertura de Capital (IPO) e Due Diligence<\/li>\n<li>Assessoria em Contrato de Compra e Venta de A\u00e7\u00f5es (SPA) e revis\u00e3o dos pontos de vista legal, regulat\u00f3rio e tribut\u00e1rio<\/li>\n<li>Financiamento de Aquisi\u00e7\u00e3o e Refinanciamento<\/li>\n<li>Integra\u00e7\u00e3o P\u00f3s-transa\u00e7\u00e3o e Carve-Out<\/li>\n<li>Programas de Participa\u00e7\u00e3o Gerencial<\/li>\n<li>Estrutura\u00e7\u00e3o Fiscal e Otimiza\u00e7\u00e3o do Fluxo de Caixa<\/li>\n<li>Requisitos de Conformidade Tribut\u00e1ria<\/li>\n<\/ul>\n<p>Um dos pontos fortes da LATAXNET \u00e9 a nossa abordagem multidisciplinar. Podemos envolver especialistas em direito societ\u00e1rio, comercial, regulat\u00f3rio e administrativo. Oferecemos tamb\u00e9m suporte em transa\u00e7\u00f5es que envolvem empresas familiares com nossa experi\u00eancia espec\u00edfica em planejamento patrimonial, e podemos aplicar nossa experi\u00eancia internacional em consultoria em transa\u00e7\u00f5es e reorganiza\u00e7\u00f5es transnacionais.<\/p>\n<\/div><div class=\"fusion-clearfix\"><\/div><\/div><\/div><div class=\"fusion-layout-column fusion_builder_column fusion-builder-column-2 fusion_builder_column_1_5 1_5 fusion-one-fifth fusion-column-last\" style=\"width:20%;width:calc(20% - ( ( 4% ) * 0.2 ) );margin-top:0px;margin-bottom:0px;\"><div class=\"fusion-column-wrapper fusion-flex-column-wrapper-legacy\" style=\"background-position:left top;background-repeat:no-repeat;-webkit-background-size:cover;-moz-background-size:cover;-o-background-size:cover;background-size:cover;border-width: 0px 0px 0px 0px;border-color:#d6d6d6;border-style:solid;padding: 0px 0px 0px 0px;\"><div class=\"fusion-sep-clear\"><\/div><div class=\"fusion-separator fusion-full-width-sep\" style=\"margin-left: auto;margin-right: auto;margin-top:20px;margin-bottom:20px;width:100%;\"><div class=\"fusion-separator-border sep-double\" style=\"border-color:#e2e2e2;border-top-width:1px;border-bottom-width:1px;\"><\/div><\/div><div class=\"fusion-sep-clear\"><\/div><div class=\"fusion-aligncenter\"><style type=\"text\/css\">.fusion-button.button-1 {border-radius:0px;}<\/style><a class=\"fusion-button button-flat fusion-button-default-size button-default button-1 fusion-button-default-span fusion-button-default-type\" target=\"_self\" href=\"https:\/\/lataxnet.net\/pt\/societario-fusoes-e-aquisicoes-equipe\/\"><span class=\"fusion-button-text\">Equipe Regional<\/span><\/a><\/div><div class=\"fusion-sep-clear\"><\/div><div class=\"fusion-separator fusion-full-width-sep\" style=\"margin-left: auto;margin-right: auto;margin-top:20px;margin-bottom:20px;width:100%;\"><div class=\"fusion-separator-border sep-double\" style=\"border-color:#e2e2e2;border-top-width:1px;border-bottom-width:1px;\"><\/div><\/div><div class=\"fusion-sep-clear\"><\/div><div class=\"fusion-aligncenter\"><style type=\"text\/css\">.fusion-button.button-2 {border-radius:0px;}<\/style><a class=\"fusion-button button-flat fusion-button-default-size button-default button-2 fusion-button-default-span fusion-button-default-type\" target=\"_self\" href=\"https:\/\/wts.com\/global\/experts\/ma-team\"><span class=\"fusion-button-text\">Equipe da WTS Global<\/span><\/a><\/div><div class=\"fusion-clearfix\"><\/div><\/div><\/div><\/div><\/div><div class=\"fusion-fullwidth fullwidth-box fusion-builder-row-3 hundred-percent-fullwidth non-hundred-percent-height-scrolling\" style=\"background-color: rgba(255,255,255,0);background-position: center center;background-repeat: no-repeat;padding-top:0px;padding-right:0px;padding-bottom:0px;padding-left:0px;margin-bottom: 0px;margin-top: 0px;border-width: 0px 0px 0px 0px;border-color:#e2e2e2;border-style:solid;\" ><div class=\"fusion-builder-row fusion-row\"><div class=\"fusion-layout-column fusion_builder_column fusion-builder-column-3 fusion_builder_column_1_1 1_1 fusion-one-full fusion-column-first fusion-column-last\" style=\"margin-top:0px;margin-bottom:0px;\"><div class=\"fusion-column-wrapper fusion-flex-column-wrapper-legacy\" style=\"background-position:left top;background-repeat:no-repeat;-webkit-background-size:cover;-moz-background-size:cover;-o-background-size:cover;background-size:cover;padding: 0px 0px 0px 0px;\"><div class=\"fusion-modal modal fade modal-1 expert\" tabindex=\"-1\" role=\"dialog\" aria-labelledby=\"modal-heading-1\" aria-hidden=\"true\"><style type=\"text\/css\">.modal-1 .modal-header, .modal-1 .modal-footer{border-color:#e2e2e2;}<\/style><div class=\"modal-dialog modal-lg\"><div class=\"modal-content fusion-modal-content\" style=\"background-color:#ffffff\"><div class=\"modal-header\"><button class=\"close\" type=\"button\" data-dismiss=\"modal\" aria-hidden=\"true\">&times;<\/button><h3 class=\"modal-title\" id=\"modal-heading-1\" data-dismiss=\"modal\" aria-hidden=\"true\">Pergunte a um dos nossos especialistas!<\/h3><\/div><div class=\"modal-body fusion-clearfix\"><div class=\"fusion-builder-row fusion-builder-row-inner fusion-row\"><div class=\"fusion-layout-column fusion_builder_column_inner fusion-builder-nested-column-0 fusion_builder_column_inner_2_5 2_5 fusion-two-fifth fusion-column-first\" style=\"width:40%;width:calc(40% - ( ( 4% ) * 0.4 ) );margin-right: 4%;margin-top:0px;margin-bottom:20px;\"><div class=\"fusion-column-wrapper fusion-flex-column-wrapper-legacy\" style=\"background-position:left top;background-repeat:no-repeat;-webkit-background-size:cover;-moz-background-size:cover;-o-background-size:cover;background-size:cover;padding: 0px 0px 0px 0px;\"> <div class=\"fusion-sep-clear\"><\/div><div class=\"fusion-separator fusion-full-width-sep\" style=\"margin-left: auto;margin-right: auto;margin-top:10px;margin-bottom:0px;width:100%;\"><\/div><div class=\"fusion-sep-clear\"><\/div> <span class=\" fusion-imageframe imageframe-none imageframe-1 hover-type-none\"><img width=\"299\" image_height=\"223\" image_id=\"457\" title=\"shaking-hands\" src=\"https:\/\/lataxnet.net\/pt\/wp-content\/uploads\/2015\/02\/shaking-hands.png\" class=\"img-responsive wp-image-457\"\/><\/span> <div class=\"fusion-sep-clear\"><\/div><div class=\"fusion-separator fusion-full-width-sep\" style=\"margin-left: auto;margin-right: auto;margin-top:18px;margin-bottom:18px;width:100%;\"><\/div><div class=\"fusion-sep-clear\"><\/div> <span class=\" fusion-imageframe imageframe-none imageframe-2 hover-type-none\"><img width=\"276\" image_height=\"45\" image_id=\"4648\" title=\"logo-lataxnet-smallcontact1\" src=\"https:\/\/lataxnet.net\/pt\/wp-content\/uploads\/2021\/04\/logo-lataxnet-smallcontact1.png\" class=\"img-responsive wp-image-4648\" srcset=\"https:\/\/lataxnet.net\/pt\/wp-content\/uploads\/2021\/04\/logo-lataxnet-smallcontact1-200x33.png 200w, https:\/\/lataxnet.net\/pt\/wp-content\/uploads\/2021\/04\/logo-lataxnet-smallcontact1.png 276w\" sizes=\"(max-width: 800px) 100vw, 276px\" \/><\/span> <div class=\"fusion-sep-clear\"><\/div><div class=\"fusion-separator fusion-full-width-sep\" style=\"margin-left: auto;margin-right: auto;margin-top:5px;margin-bottom:5px;width:100%;\"><\/div><div class=\"fusion-sep-clear\"><\/div><div class=\"fusion-text fusion-text-2\"><p>Estamos aqui para ajudar a responder \u00e0s suas perguntas. As quest\u00f5es judiciais podem ser complicadas mas nossos especialistas est\u00e3o \u00e0 disposi\u00e7\u00e3o para ajud\u00e1-lo(a) a prestar informa\u00e7\u00f5es sobre todas as suas necessidades.<\/p>\n<\/div> <div class=\"fusion-clearfix\"><\/div><\/div><\/div> <div class=\"fusion-layout-column fusion_builder_column_inner fusion-builder-nested-column-1 fusion_builder_column_inner_3_5 3_5 fusion-three-fifth fusion-column-last\" style=\"width:60%;width:calc(60% - ( ( 4% ) * 0.6 ) );margin-top:0px;margin-bottom:20px;\"><div class=\"fusion-column-wrapper fusion-flex-column-wrapper-legacy\" style=\"background-position:left top;background-repeat:no-repeat;-webkit-background-size:cover;-moz-background-size:cover;-o-background-size:cover;background-size:cover;padding: 0px 0px 0px 0px;\"> <div role=\"form\" class=\"wpcf7\" id=\"wpcf7-f661-o1\" lang=\"en-US\" dir=\"ltr\">\n<div class=\"screen-reader-response\"><p role=\"status\" aria-live=\"polite\" aria-atomic=\"true\"><\/p> <ul><\/ul><\/div>\n<form action=\"\/pt\/wp-json\/wp\/v2\/pages\/2540#wpcf7-f661-o1\" method=\"post\" class=\"wpcf7-form init\" novalidate=\"novalidate\" data-status=\"init\">\n<div style=\"display: none;\">\n<input type=\"hidden\" name=\"_wpcf7\" value=\"661\" \/>\n<input type=\"hidden\" name=\"_wpcf7_version\" value=\"5.6.2\" \/>\n<input type=\"hidden\" name=\"_wpcf7_locale\" value=\"en_US\" \/>\n<input type=\"hidden\" name=\"_wpcf7_unit_tag\" value=\"wpcf7-f661-o1\" \/>\n<input type=\"hidden\" name=\"_wpcf7_container_post\" value=\"0\" \/>\n<input type=\"hidden\" name=\"_wpcf7_posted_data_hash\" value=\"\" \/>\n<\/div>\n<p><label>Seu nome (obrigat\u00f3rio)<br \/>\n    <span class=\"wpcf7-form-control-wrap\" data-name=\"your-name\"><input type=\"text\" name=\"your-name\" value=\"\" size=\"40\" class=\"wpcf7-form-control wpcf7-text wpcf7-validates-as-required\" aria-required=\"true\" aria-invalid=\"false\" \/><\/span> <\/label><\/p>\n<p><label>Seu Email (obrigat\u00f3rio)<br \/>\n    <span class=\"wpcf7-form-control-wrap\" data-name=\"your-email\"><input type=\"email\" name=\"your-email\" value=\"\" size=\"40\" class=\"wpcf7-form-control wpcf7-text wpcf7-email wpcf7-validates-as-required wpcf7-validates-as-email\" aria-required=\"true\" aria-invalid=\"false\" \/><\/span> <\/label><\/p>\n<p><label>Assunto<br \/>\n    <span class=\"wpcf7-form-control-wrap\" data-name=\"your-subject\"><input type=\"text\" name=\"your-subject\" value=\"\" size=\"40\" class=\"wpcf7-form-control wpcf7-text\" aria-invalid=\"false\" \/><\/span> <\/label><\/p>\n<p><label>Sua Mensagem<br \/>\n    <span class=\"wpcf7-form-control-wrap\" data-name=\"your-message\"><textarea name=\"your-message\" cols=\"40\" rows=\"10\" class=\"wpcf7-form-control wpcf7-textarea\" aria-invalid=\"false\"><\/textarea><\/span> <\/label><\/p>\n<p><input type=\"submit\" value=\"Enviar\" class=\"wpcf7-form-control has-spinner wpcf7-submit\" \/><\/p>\n<div class=\"fusion-alert alert custom alert-custom fusion-alert-center wpcf7-response-output alert-dismissable\" style=\"border-width:1px;\"><button type=\"button\" class=\"close toggle-alert\" data-dismiss=\"alert\" aria-hidden=\"true\">&times;<\/button><div class=\"fusion-alert-content-wrapper\"><span class=\"fusion-alert-content\"><\/span><\/div><\/div><\/form><\/div> <div class=\"fusion-clearfix\"><\/div><\/div><\/div><\/div><\/div><div class=\"modal-footer\"><a class=\"fusion-button button-default button-medium button default medium\" data-dismiss=\"modal\">Close<\/a><\/div><\/div><\/div><\/div><div class=\"fusion-clearfix\"><\/div><\/div><\/div><\/div><\/div><div class=\"fusion-fullwidth fullwidth-box fusion-builder-row-4 nonhundred-percent-fullwidth non-hundred-percent-height-scrolling fusion-equal-height-columns\" style=\"background-color: #282828;background-position: center center;background-repeat: no-repeat;padding-top:75px;padding-right:0px;padding-bottom:35px;padding-left:0px;margin-bottom: 0px;margin-top: 0px;border-width: 0px 0px 0px 0px;border-color:#e2e2e2;border-style:solid;\" ><div class=\"fusion-builder-row fusion-row\"><div class=\"fusion-layout-column fusion_builder_column fusion-builder-column-4 fusion_builder_column_3_4 3_4 fusion-three-fourth fusion-column-first\" style=\"width:74%; margin-right: 4%;margin-top:0px;margin-bottom:20px;\"><div class=\"fusion-column-wrapper fusion-flex-column-wrapper-legacy\" style=\"background-position:left top;background-repeat:no-repeat;-webkit-background-size:cover;-moz-background-size:cover;-o-background-size:cover;background-size:cover;padding: 0px 0px 0px 0px;\"><div class=\"fusion-text fusion-text-3\" style=\"color:#ffffff;\"><p><strong>Entre em contato<\/strong><\/p>\n<p>Se voc\u00ea tiver alguma d\u00favida sobre a LATAXNET ou nossos servi\u00e7os globais, entre em contato.<br \/>\nResponderemos o mais r\u00e1pido poss\u00edvel.<\/p>\n<\/div><div class=\"fusion-clearfix\"><\/div><\/div><\/div><div class=\"fusion-layout-column fusion_builder_column fusion-builder-column-5 fusion_builder_column_1_4 1_4 fusion-one-fourth fusion-column-last\" style=\"width:22%;margin-top:0px;margin-bottom:20px;\"><div class=\"fusion-column-wrapper fusion-flex-column-wrapper-legacy\" style=\"background-position:left top;background-repeat:no-repeat;-webkit-background-size:cover;-moz-background-size:cover;-o-background-size:cover;background-size:cover;padding: 0px 0px 0px 0px;\"><div class=\"fusion-column-content-centered\"><div class=\"fusion-column-content\"><div class=\"fusion-aligncenter\"><style type=\"text\/css\">.fusion-button.button-3 .fusion-button-text, .fusion-button.button-3 i {color:#ffffff;}.fusion-button.button-3 .fusion-button-icon-divider{border-color:#ffffff;}.fusion-button.button-3:hover .fusion-button-text, .fusion-button.button-3:hover i,.fusion-button.button-3:focus .fusion-button-text, .fusion-button.button-3:focus i,.fusion-button.button-3:active .fusion-button-text, .fusion-button.button-3:active{color:#cc0033;}.fusion-button.button-3:hover .fusion-button-icon-divider, .fusion-button.button-3:hover .fusion-button-icon-divider, .fusion-button.button-3:active .fusion-button-icon-divider{border-color:#cc0033;}.fusion-button.button-3:hover, .fusion-button.button-3:focus, .fusion-button.button-3:active{border-color:#cc0033;border-width:1px;}.fusion-button.button-3 {border-color:#ffffff;border-width:1px;border-radius:0px;}.fusion-button.button-3{background: #282828;}.fusion-button.button-3:hover,.button-3:focus,.fusion-button.button-3:active{background: #ffffff;}<\/style><a class=\"fusion-button button-flat button-xlarge button-custom button-3 fusion-button-default-span fusion-button-default-type\" target=\"_self\" href=\"#\" data-toggle=\"modal\" data-target=\".fusion-modal.expert\"><span class=\"fusion-button-text\">Contato<\/span><\/a><\/div><\/div><\/div><div class=\"fusion-clearfix\"><\/div><\/div><\/div><\/div><\/div><\/p>\n","protected":false},"excerpt":{"rendered":"","protected":false},"author":1,"featured_media":0,"parent":0,"menu_order":0,"comment_status":"closed","ping_status":"closed","template":"100-width.php","meta":[],"_links":{"self":[{"href":"https:\/\/lataxnet.net\/pt\/wp-json\/wp\/v2\/pages\/2540"}],"collection":[{"href":"https:\/\/lataxnet.net\/pt\/wp-json\/wp\/v2\/pages"}],"about":[{"href":"https:\/\/lataxnet.net\/pt\/wp-json\/wp\/v2\/types\/page"}],"author":[{"embeddable":true,"href":"https:\/\/lataxnet.net\/pt\/wp-json\/wp\/v2\/users\/1"}],"replies":[{"embeddable":true,"href":"https:\/\/lataxnet.net\/pt\/wp-json\/wp\/v2\/comments?post=2540"}],"version-history":[{"count":16,"href":"https:\/\/lataxnet.net\/pt\/wp-json\/wp\/v2\/pages\/2540\/revisions"}],"predecessor-version":[{"id":5716,"href":"https:\/\/lataxnet.net\/pt\/wp-json\/wp\/v2\/pages\/2540\/revisions\/5716"}],"wp:attachment":[{"href":"https:\/\/lataxnet.net\/pt\/wp-json\/wp\/v2\/media?parent=2540"}],"curies":[{"name":"wp","href":"https:\/\/api.w.org\/{rel}","templated":true}]}}