{"id":2506,"date":"2020-05-07T10:24:37","date_gmt":"2020-05-07T10:24:37","guid":{"rendered":"https:\/\/www.take2.me\/?page_id=2506"},"modified":"2022-11-21T12:45:33","modified_gmt":"2022-11-21T12:45:33","slug":"servicos-aduaneiros","status":"publish","type":"page","link":"https:\/\/lataxnet.net\/pt\/servicos-aduaneiros\/","title":{"rendered":"Servi\u00e7os Aduaneiros"},"content":{"rendered":"<p><div class=\"fusion-fullwidth fullwidth-box fusion-builder-row-1 nonhundred-percent-fullwidth non-hundred-percent-height-scrolling\" style=\"background-color: rgba(255,255,255,0);background-position: center center;background-repeat: no-repeat;padding-top:0px;padding-right:0px;padding-bottom:0px;padding-left:0px;margin-bottom: 0px;margin-top: 0px;border-width: 0px 0px 0px 0px;border-color:#e2e2e2;border-style:solid;\" ><div class=\"fusion-builder-row fusion-row\"><div class=\"fusion-layout-column fusion_builder_column fusion-builder-column-0 fusion_builder_column_2_3 2_3 fusion-two-third fusion-column-first\" style=\"width:66.666666666667%;width:calc(66.666666666667% - ( ( 4% ) * 0.66666666666667 ) );margin-right: 4%;margin-top:0px;margin-bottom:0px;\"><div class=\"fusion-column-wrapper fusion-flex-column-wrapper-legacy\" style=\"background-position:left top;background-repeat:no-repeat;-webkit-background-size:cover;-moz-background-size:cover;-o-background-size:cover;background-size:cover;padding: 0px 0px 0px 0px;\"><style type=\"text\/css\"><\/style><div class=\"fusion-title title fusion-title-1 fusion-sep-none fusion-title-text fusion-title-size-three\" style=\"margin-top:10px;margin-bottom:15px;\"><h3 class=\"title-heading-left\" style=\"margin:0;color:#006d88;\"><span style=\"font-family: Akko;\" data-fusion-font=\"true\">Servi\u00e7os Aduaneiros<\/span><\/h3><\/div><div class=\"fusion-clearfix\"><\/div><\/div><\/div><\/div><\/div><div class=\"fusion-fullwidth fullwidth-box fusion-builder-row-2 nonhundred-percent-fullwidth non-hundred-percent-height-scrolling\" style=\"background-color: rgba(255,255,255,0);background-position: center center;background-repeat: no-repeat;padding-top:0px;padding-right:0px;padding-bottom:0px;padding-left:0px;margin-bottom: 0px;margin-top: 0px;border-width: 0px 0px 0px 0px;border-color:#e2e2e2;border-style:solid;\" ><div class=\"fusion-builder-row fusion-row\"><div class=\"fusion-layout-column fusion_builder_column fusion-builder-column-1 fusion_builder_column_2_3 2_3 fusion-two-third fusion-column-first\" style=\"width:66.666666666667%;width:calc(66.666666666667% - ( ( 4% ) * 0.66666666666667 ) );margin-right: 4%;margin-top:0px;margin-bottom:20px;\"><div class=\"fusion-column-wrapper fusion-flex-column-wrapper-legacy\" style=\"background-position:left top;background-repeat:no-repeat;-webkit-background-size:cover;-moz-background-size:cover;-o-background-size:cover;background-size:cover;padding: 0px 0px 0px 0px;\"><div class=\"fusion-text fusion-text-1\"><p><b>O com\u00e9rcio internacional \u00e9 uma parte essencial dos neg\u00f3cios de todas as empresas e o desembara\u00e7o aduaneiro imediato e eficaz \u00e9 uma das chaves para a sustentabilidade do interc\u00e2mbio global de bens e servi\u00e7os.<\/b><\/p>\n<p>Uma parte relevante do desembara\u00e7o aduaneiro no interc\u00e2mbio global de bens e servi\u00e7os deriva do conhecimento dos regimes de Alf\u00e2ndega &amp; Com\u00e9rcio Internacional existentes nas jurisdi\u00e7\u00f5es onde as mercadorias ser\u00e3o entregues, bem como no tratamento de acordos regionais e bilaterais de livre com\u00e9rcio ou acordos alfandeg\u00e1rios e direitos de importa\u00e7\u00e3o.<\/p>\n<p>O conhecimento da LATAXNET sobre as regulamenta\u00e7\u00f5es e oportunidades aduaneiras nos mercados da Am\u00e9rica Latina, juntamente com nossa experi\u00eancia aduaneira pr\u00e1tica de longo prazo, nos permite oferecer solu\u00e7\u00f5es originais projetadas para expandir oportunidades, aumentar a competitividade e tornar as empresas de importa\u00e7\u00e3o e exporta\u00e7\u00e3o mais rent\u00e1veis e seguras. Essa experi\u00eancia abrange o conhecimento das regulamenta\u00e7\u00f5es e pr\u00e1ticas nacionais aplic\u00e1veis, incluindo isen\u00e7\u00e3o de impostos e regimes especiais de importa\u00e7\u00e3o\/exporta\u00e7\u00e3o, regimes de drawback e o uso de \u00e1reas de livre com\u00e9rcio (ALCA) nacionais, bem como o uso de vantagens regionais (acordos baseados na ALADI), vantagens sub-regionais &#8211; como o MERCOSUL e a Comunidade Andina), bem como outros instrumentos bilaterais ou multilaterais como os contratos de livre com\u00e9rcio.<\/p>\n<p>Nossos profissionais t\u00eam ampla experi\u00eancia com clientes de diferentes segmentos, com cadeias de suprimentos globais em todos os pa\u00edses da Am\u00e9rica Latina. Essa experi\u00eancia legal permite que importadores e exportadores reduzam custos, minimizem impostos de importa\u00e7\u00e3o e exporta\u00e7\u00e3o e evitem atrasos onerosos na log\u00edstica do com\u00e9rcio internacional e controv\u00e9rsias comerciais regulat\u00f3rias.<\/p>\n<p>Nossos servi\u00e7os legais aduaneiros incluem:<\/p>\n<ul>\n<li>ervi\u00e7os relacionados a imposto aduaneiro<\/li>\n<li>Assessoria em zona livre<\/li>\n<li>Gest\u00e3o de cadeia de abastecimento<\/li>\n<li>Servi\u00e7os de Controle de Importa\u00e7\u00e3o e Exporta\u00e7\u00e3o<\/li>\n<li>Sele\u00e7\u00e3o e an\u00e1lise de representantes e canais de distribui\u00e7\u00e3o internacionais<\/li>\n<li>Aspectos fiscais do Com\u00e9rcio Internacional<\/li>\n<li>Consultoria em Gest\u00e3o de Incoterms<\/li>\n<li>Consultoria em Documenta\u00e7\u00e3o de Embarque e Seguro<\/li>\n<li>Consultoria em Desembara\u00e7o Aduaneiro<\/li>\n<li>Consultoria Jur\u00eddica<\/li>\n<li>Consultoria Estrat\u00e9gica<\/li>\n<li>Assessoria em Auditoria<\/li>\n<\/ul>\n<\/div><div class=\"fusion-clearfix\"><\/div><\/div><\/div><div class=\"fusion-layout-column fusion_builder_column fusion-builder-column-2 fusion_builder_column_1_5 1_5 fusion-one-fifth fusion-column-last\" style=\"width:20%;width:calc(20% - ( ( 4% ) * 0.2 ) );margin-top:0px;margin-bottom:0px;\"><div class=\"fusion-column-wrapper fusion-flex-column-wrapper-legacy\" style=\"background-position:left top;background-repeat:no-repeat;-webkit-background-size:cover;-moz-background-size:cover;-o-background-size:cover;background-size:cover;border-width: 0px 0px 0px 0px;border-color:#d6d6d6;border-style:solid;padding: 0px 0px 0px 0px;\"><div class=\"fusion-sep-clear\"><\/div><div class=\"fusion-separator fusion-full-width-sep\" style=\"margin-left: auto;margin-right: auto;margin-top:20px;margin-bottom:20px;width:100%;\"><div class=\"fusion-separator-border sep-double\" style=\"border-color:#e2e2e2;border-top-width:1px;border-bottom-width:1px;\"><\/div><\/div><div class=\"fusion-sep-clear\"><\/div><div class=\"fusion-aligncenter\"><style type=\"text\/css\">.fusion-button.button-1 {border-radius:0px;}<\/style><a class=\"fusion-button button-flat fusion-button-default-size button-default button-1 fusion-button-default-span fusion-button-default-type\" target=\"_self\" href=\"https:\/\/lataxnet.net\/pt\/equipe-de-servicos-aduaneiros\/\"><span class=\"fusion-button-text\">Equipe Regional<\/span><\/a><\/div><div class=\"fusion-sep-clear\"><\/div><div class=\"fusion-separator fusion-full-width-sep\" style=\"margin-left: auto;margin-right: auto;margin-top:20px;margin-bottom:20px;width:100%;\"><div class=\"fusion-separator-border sep-double\" style=\"border-color:#e2e2e2;border-top-width:1px;border-bottom-width:1px;\"><\/div><\/div><div class=\"fusion-sep-clear\"><\/div><div class=\"fusion-aligncenter\"><style type=\"text\/css\">.fusion-button.button-2 {border-radius:0px;}<\/style><a class=\"fusion-button button-flat fusion-button-default-size button-default button-2 fusion-button-default-span fusion-button-default-type\" target=\"_blank\" rel=\"noopener noreferrer\" href=\"https:\/\/wts.com\/global\/services\/customs\"><span class=\"fusion-button-text\">Equipe da WTS Global<\/span><\/a><\/div><div class=\"fusion-clearfix\"><\/div><\/div><\/div><\/div><\/div><div class=\"fusion-fullwidth fullwidth-box fusion-builder-row-3 hundred-percent-fullwidth non-hundred-percent-height-scrolling\" style=\"background-color: rgba(255,255,255,0);background-position: center center;background-repeat: no-repeat;padding-top:0px;padding-right:0px;padding-bottom:0px;padding-left:0px;margin-bottom: 0px;margin-top: 0px;border-width: 0px 0px 0px 0px;border-color:#e2e2e2;border-style:solid;\" ><div class=\"fusion-builder-row fusion-row\"><div class=\"fusion-layout-column fusion_builder_column fusion-builder-column-3 fusion_builder_column_1_1 1_1 fusion-one-full fusion-column-first fusion-column-last\" style=\"margin-top:0px;margin-bottom:0px;\"><div class=\"fusion-column-wrapper fusion-flex-column-wrapper-legacy\" style=\"background-position:left top;background-repeat:no-repeat;-webkit-background-size:cover;-moz-background-size:cover;-o-background-size:cover;background-size:cover;padding: 0px 0px 0px 0px;\"><div class=\"fusion-modal modal fade modal-1 expert\" tabindex=\"-1\" role=\"dialog\" aria-labelledby=\"modal-heading-1\" aria-hidden=\"true\"><style type=\"text\/css\">.modal-1 .modal-header, .modal-1 .modal-footer{border-color:#e2e2e2;}<\/style><div class=\"modal-dialog modal-lg\"><div class=\"modal-content fusion-modal-content\" style=\"background-color:#ffffff\"><div class=\"modal-header\"><button class=\"close\" type=\"button\" data-dismiss=\"modal\" aria-hidden=\"true\">&times;<\/button><h3 class=\"modal-title\" id=\"modal-heading-1\" data-dismiss=\"modal\" aria-hidden=\"true\">Pergunte a um dos nossos especialistas!<\/h3><\/div><div class=\"modal-body fusion-clearfix\"><div class=\"fusion-builder-row fusion-builder-row-inner fusion-row\"><div class=\"fusion-layout-column fusion_builder_column_inner fusion-builder-nested-column-0 fusion_builder_column_inner_2_5 2_5 fusion-two-fifth fusion-column-first\" style=\"width:40%;width:calc(40% - ( ( 4% ) * 0.4 ) );margin-right: 4%;margin-top:0px;margin-bottom:20px;\"><div class=\"fusion-column-wrapper fusion-flex-column-wrapper-legacy\" style=\"background-position:left top;background-repeat:no-repeat;-webkit-background-size:cover;-moz-background-size:cover;-o-background-size:cover;background-size:cover;padding: 0px 0px 0px 0px;\"> <div class=\"fusion-sep-clear\"><\/div><div class=\"fusion-separator fusion-full-width-sep\" style=\"margin-left: auto;margin-right: auto;margin-top:10px;margin-bottom:0px;width:100%;\"><\/div><div class=\"fusion-sep-clear\"><\/div> <span class=\" fusion-imageframe imageframe-none imageframe-1 hover-type-none\"><img width=\"299\" image_height=\"223\" image_id=\"457\" title=\"shaking-hands\" src=\"https:\/\/lataxnet.net\/pt\/wp-content\/uploads\/2015\/02\/shaking-hands.png\" class=\"img-responsive wp-image-457\"\/><\/span> <div class=\"fusion-sep-clear\"><\/div><div class=\"fusion-separator fusion-full-width-sep\" style=\"margin-left: auto;margin-right: auto;margin-top:18px;margin-bottom:18px;width:100%;\"><\/div><div class=\"fusion-sep-clear\"><\/div> <span class=\" fusion-imageframe imageframe-none imageframe-2 hover-type-none\"><img width=\"276\" image_height=\"45\" image_id=\"4648\" title=\"logo-lataxnet-smallcontact1\" src=\"https:\/\/lataxnet.net\/pt\/wp-content\/uploads\/2021\/04\/logo-lataxnet-smallcontact1.png\" class=\"img-responsive wp-image-4648\" srcset=\"https:\/\/lataxnet.net\/pt\/wp-content\/uploads\/2021\/04\/logo-lataxnet-smallcontact1-200x33.png 200w, https:\/\/lataxnet.net\/pt\/wp-content\/uploads\/2021\/04\/logo-lataxnet-smallcontact1.png 276w\" sizes=\"(max-width: 800px) 100vw, 276px\" \/><\/span> <div class=\"fusion-sep-clear\"><\/div><div class=\"fusion-separator fusion-full-width-sep\" style=\"margin-left: auto;margin-right: auto;margin-top:5px;margin-bottom:5px;width:100%;\"><\/div><div class=\"fusion-sep-clear\"><\/div><div class=\"fusion-text fusion-text-2\"><p>Estamos aqui para ajudar a responder \u00e0s suas perguntas. As quest\u00f5es judiciais podem ser complicadas mas nossos especialistas est\u00e3o \u00e0 disposi\u00e7\u00e3o para ajud\u00e1-lo(a) a prestar informa\u00e7\u00f5es sobre todas as suas necessidades.<\/p>\n<\/div> <div class=\"fusion-clearfix\"><\/div><\/div><\/div> <div class=\"fusion-layout-column fusion_builder_column_inner fusion-builder-nested-column-1 fusion_builder_column_inner_3_5 3_5 fusion-three-fifth fusion-column-last\" style=\"width:60%;width:calc(60% - ( ( 4% ) * 0.6 ) );margin-top:0px;margin-bottom:20px;\"><div class=\"fusion-column-wrapper fusion-flex-column-wrapper-legacy\" style=\"background-position:left top;background-repeat:no-repeat;-webkit-background-size:cover;-moz-background-size:cover;-o-background-size:cover;background-size:cover;padding: 0px 0px 0px 0px;\"> <div role=\"form\" class=\"wpcf7\" id=\"wpcf7-f661-o1\" lang=\"en-US\" dir=\"ltr\">\n<div class=\"screen-reader-response\"><p role=\"status\" aria-live=\"polite\" aria-atomic=\"true\"><\/p> <ul><\/ul><\/div>\n<form action=\"\/pt\/wp-json\/wp\/v2\/pages\/2506#wpcf7-f661-o1\" method=\"post\" class=\"wpcf7-form init\" novalidate=\"novalidate\" data-status=\"init\">\n<div style=\"display: none;\">\n<input type=\"hidden\" name=\"_wpcf7\" value=\"661\" \/>\n<input type=\"hidden\" name=\"_wpcf7_version\" value=\"5.6.2\" \/>\n<input type=\"hidden\" name=\"_wpcf7_locale\" value=\"en_US\" \/>\n<input type=\"hidden\" name=\"_wpcf7_unit_tag\" value=\"wpcf7-f661-o1\" \/>\n<input type=\"hidden\" name=\"_wpcf7_container_post\" value=\"0\" \/>\n<input type=\"hidden\" name=\"_wpcf7_posted_data_hash\" value=\"\" \/>\n<\/div>\n<p><label>Seu nome (obrigat\u00f3rio)<br \/>\n    <span class=\"wpcf7-form-control-wrap\" data-name=\"your-name\"><input type=\"text\" name=\"your-name\" value=\"\" size=\"40\" class=\"wpcf7-form-control wpcf7-text wpcf7-validates-as-required\" aria-required=\"true\" aria-invalid=\"false\" \/><\/span> <\/label><\/p>\n<p><label>Seu Email (obrigat\u00f3rio)<br \/>\n    <span class=\"wpcf7-form-control-wrap\" data-name=\"your-email\"><input type=\"email\" name=\"your-email\" value=\"\" size=\"40\" class=\"wpcf7-form-control wpcf7-text wpcf7-email wpcf7-validates-as-required wpcf7-validates-as-email\" aria-required=\"true\" aria-invalid=\"false\" \/><\/span> <\/label><\/p>\n<p><label>Assunto<br \/>\n    <span class=\"wpcf7-form-control-wrap\" data-name=\"your-subject\"><input type=\"text\" name=\"your-subject\" value=\"\" size=\"40\" class=\"wpcf7-form-control wpcf7-text\" aria-invalid=\"false\" \/><\/span> <\/label><\/p>\n<p><label>Sua Mensagem<br \/>\n    <span class=\"wpcf7-form-control-wrap\" data-name=\"your-message\"><textarea name=\"your-message\" cols=\"40\" rows=\"10\" class=\"wpcf7-form-control wpcf7-textarea\" aria-invalid=\"false\"><\/textarea><\/span> <\/label><\/p>\n<p><input type=\"submit\" value=\"Enviar\" class=\"wpcf7-form-control has-spinner wpcf7-submit\" \/><\/p>\n<div class=\"fusion-alert alert custom alert-custom fusion-alert-center wpcf7-response-output alert-dismissable\" style=\"border-width:1px;\"><button type=\"button\" class=\"close toggle-alert\" data-dismiss=\"alert\" aria-hidden=\"true\">&times;<\/button><div class=\"fusion-alert-content-wrapper\"><span class=\"fusion-alert-content\"><\/span><\/div><\/div><\/form><\/div> <div class=\"fusion-clearfix\"><\/div><\/div><\/div><\/div><\/div><div class=\"modal-footer\"><a class=\"fusion-button button-default button-medium button default medium\" data-dismiss=\"modal\">Close<\/a><\/div><\/div><\/div><\/div><div class=\"fusion-clearfix\"><\/div><\/div><\/div><\/div><\/div><div class=\"fusion-fullwidth fullwidth-box fusion-builder-row-4 nonhundred-percent-fullwidth non-hundred-percent-height-scrolling fusion-equal-height-columns\" style=\"background-color: #282828;background-position: center center;background-repeat: no-repeat;padding-top:75px;padding-right:0px;padding-bottom:35px;padding-left:0px;margin-bottom: 0px;margin-top: 0px;border-width: 0px 0px 0px 0px;border-color:#e2e2e2;border-style:solid;\" ><div class=\"fusion-builder-row fusion-row\"><div class=\"fusion-layout-column fusion_builder_column fusion-builder-column-4 fusion_builder_column_3_4 3_4 fusion-three-fourth fusion-column-first\" style=\"width:74%; margin-right: 4%;margin-top:0px;margin-bottom:20px;\"><div class=\"fusion-column-wrapper fusion-flex-column-wrapper-legacy\" style=\"background-position:left top;background-repeat:no-repeat;-webkit-background-size:cover;-moz-background-size:cover;-o-background-size:cover;background-size:cover;padding: 0px 0px 0px 0px;\"><div class=\"fusion-text fusion-text-3\" style=\"color:#ffffff;\"><p><strong>Entre em contato<\/strong><\/p>\n<p>Se voc\u00ea tiver alguma d\u00favida sobre a LATAXNET ou nossos servi\u00e7os globais, entre em contato.<br \/>\nResponderemos o mais r\u00e1pido poss\u00edvel.<\/p>\n<\/div><div class=\"fusion-clearfix\"><\/div><\/div><\/div><div class=\"fusion-layout-column fusion_builder_column fusion-builder-column-5 fusion_builder_column_1_4 1_4 fusion-one-fourth fusion-column-last\" style=\"width:22%;margin-top:0px;margin-bottom:20px;\"><div class=\"fusion-column-wrapper fusion-flex-column-wrapper-legacy\" style=\"background-position:left top;background-repeat:no-repeat;-webkit-background-size:cover;-moz-background-size:cover;-o-background-size:cover;background-size:cover;padding: 0px 0px 0px 0px;\"><div class=\"fusion-column-content-centered\"><div class=\"fusion-column-content\"><div class=\"fusion-aligncenter\"><style type=\"text\/css\">.fusion-button.button-3 .fusion-button-text, .fusion-button.button-3 i {color:#ffffff;}.fusion-button.button-3 .fusion-button-icon-divider{border-color:#ffffff;}.fusion-button.button-3:hover .fusion-button-text, .fusion-button.button-3:hover i,.fusion-button.button-3:focus .fusion-button-text, .fusion-button.button-3:focus i,.fusion-button.button-3:active .fusion-button-text, .fusion-button.button-3:active{color:#cc0033;}.fusion-button.button-3:hover .fusion-button-icon-divider, .fusion-button.button-3:hover .fusion-button-icon-divider, .fusion-button.button-3:active .fusion-button-icon-divider{border-color:#cc0033;}.fusion-button.button-3:hover, .fusion-button.button-3:focus, .fusion-button.button-3:active{border-color:#cc0033;border-width:1px;}.fusion-button.button-3 {border-color:#ffffff;border-width:1px;border-radius:0px;}.fusion-button.button-3{background: #282828;}.fusion-button.button-3:hover,.button-3:focus,.fusion-button.button-3:active{background: #ffffff;}<\/style><a class=\"fusion-button button-flat button-xlarge button-custom button-3 fusion-button-default-span fusion-button-default-type\" target=\"_self\" href=\"#\" data-toggle=\"modal\" data-target=\".fusion-modal.expert\"><span class=\"fusion-button-text\">Contato<\/span><\/a><\/div><\/div><\/div><div class=\"fusion-clearfix\"><\/div><\/div><\/div><\/div><\/div><\/p>\n","protected":false},"excerpt":{"rendered":"","protected":false},"author":1,"featured_media":0,"parent":0,"menu_order":0,"comment_status":"closed","ping_status":"closed","template":"100-width.php","meta":[],"_links":{"self":[{"href":"https:\/\/lataxnet.net\/pt\/wp-json\/wp\/v2\/pages\/2506"}],"collection":[{"href":"https:\/\/lataxnet.net\/pt\/wp-json\/wp\/v2\/pages"}],"about":[{"href":"https:\/\/lataxnet.net\/pt\/wp-json\/wp\/v2\/types\/page"}],"author":[{"embeddable":true,"href":"https:\/\/lataxnet.net\/pt\/wp-json\/wp\/v2\/users\/1"}],"replies":[{"embeddable":true,"href":"https:\/\/lataxnet.net\/pt\/wp-json\/wp\/v2\/comments?post=2506"}],"version-history":[{"count":14,"href":"https:\/\/lataxnet.net\/pt\/wp-json\/wp\/v2\/pages\/2506\/revisions"}],"predecessor-version":[{"id":5720,"href":"https:\/\/lataxnet.net\/pt\/wp-json\/wp\/v2\/pages\/2506\/revisions\/5720"}],"wp:attachment":[{"href":"https:\/\/lataxnet.net\/pt\/wp-json\/wp\/v2\/media?parent=2506"}],"curies":[{"name":"wp","href":"https:\/\/api.w.org\/{rel}","templated":true}]}}