{"id":2034,"date":"2020-04-29T13:14:59","date_gmt":"2020-04-29T13:14:59","guid":{"rendered":"http:\/\/localhost\/wts\/?page_id=2034"},"modified":"2025-07-23T21:34:39","modified_gmt":"2025-07-23T21:34:39","slug":"contact","status":"publish","type":"page","link":"https:\/\/lataxnet.net\/pt\/contact\/","title":{"rendered":"Contact"},"content":{"rendered":"<p><div class=\"fusion-fullwidth fullwidth-box fusion-builder-row-1 nonhundred-percent-fullwidth non-hundred-percent-height-scrolling\" style=\"background-color: rgba(255,255,255,0);background-position: left top;background-repeat: no-repeat;padding-top:0px;padding-right:0px;padding-bottom:0px;padding-left:0px;margin-bottom: 0px;margin-top: 40px;border-width: 0px 0px 0px 0px;border-color:#e2e2e2;border-style:solid;\" ><div class=\"fusion-builder-row fusion-row\"><div class=\"fusion-layout-column fusion_builder_column fusion-builder-column-0 fusion_builder_column_1_2 1_2 fusion-one-half fusion-column-first\" style=\"width:50%;width:calc(50% - ( ( 4% ) * 0.5 ) );margin-right: 4%;margin-top:0px;margin-bottom:20px;\"><div class=\"fusion-column-wrapper fusion-flex-column-wrapper-legacy\" style=\"background-position:left top;background-repeat:no-repeat;-webkit-background-size:cover;-moz-background-size:cover;-o-background-size:cover;background-size:cover;padding: 0px 0px 0px 0px;\"><div class=\"fusion-sep-clear\"><\/div><div class=\"fusion-separator fusion-full-width-sep\" style=\"margin-left: auto;margin-right: auto;width:100%;\"><div class=\"fusion-separator-border sep-single sep-solid\" style=\"border-color:#cc0033;border-top-width:3px;\"><\/div><\/div><div class=\"fusion-sep-clear\"><\/div><style type=\"text\/css\"><\/style><div class=\"fusion-title title fusion-title-1 fusion-sep-none fusion-title-text fusion-title-size-three\" style=\"margin-top:10px;margin-bottom:15px;\"><h3 class=\"title-heading-left\" style=\"margin:0;color:#006d88;\">Nossos escrit\u00f3rios locais:<\/h3><\/div><div class=\"fusion-text fusion-text-1\"><ul>\n<li><u><a href=\"https:\/\/lataxnet.net\/pt\/portfolio-items\/argentina\/\">Argentina<\/a><\/u><\/li>\n<li><u><a href=\"https:\/\/lataxnet.net\/pt\/portfolio-items\/bolivia\/\">Bolivia<\/a><\/u><\/li>\n<li><u><a href=\"https:\/\/lataxnet.net\/pt\/portfolio-items\/brazil\/\">Brazil<\/a><\/u><\/li>\n<li><u><a href=\"https:\/\/lataxnet.net\/pt\/portfolio-items\/chile\/\">Chile<\/a><\/u><\/li>\n<li><u><a href=\"https:\/\/lataxnet.net\/pt\/portfolio-items\/colombia\/\">Colombia<\/a><\/u><\/li>\n<li><u><a href=\"https:\/\/lataxnet.net\/pt\/portfolio-items\/costa-rica\/\">Costa Rica<\/a><\/u><\/li>\n<li><u><a href=\"https:\/\/lataxnet.net\/pt\/portfolio-items\/dominican-republic\/\">Dominican Republic<\/a><\/u><\/li>\n<li><u><a href=\"https:\/\/lataxnet.net\/pt\/portfolio-items\/ecuador\/\">Ecuador<\/a><\/u><\/li>\n<li><u><a href=\"https:\/\/lataxnet.net\/pt\/portfolio-items\/el-salvador\/\">El Salvador<\/a><\/u><\/li>\n<li><u><a href=\"https:\/\/lataxnet.net\/pt\/portfolio-items\/guatemala\/\">Guatemala<\/a><\/u><\/li>\n<li><u><a href=\"https:\/\/lataxnet.net\/pt\/portfolio-items\/honduras\/\">Honduras<\/a><\/u><\/li>\n<li><u><a href=\"https:\/\/lataxnet.net\/pt\/portfolio-items\/mexico\/\">Mexico<\/a><\/u><\/li>\n<li><u><a href=\"https:\/\/lataxnet.net\/pt\/portfolio-items\/panama\/\">Panama<\/a><\/u><\/li>\n<li><u><a href=\"https:\/\/lataxnet.net\/pt\/portfolio-items\/paraguay\/\">Paraguay<\/a><\/u><\/li>\n<li><u><a href=\"https:\/\/lataxnet.net\/pt\/portfolio-items\/peru\/\">Peru<\/a><\/u><\/li>\n<li><u><a href=\"https:\/\/lataxnet.net\/pt\/portfolio-items\/uruguay\/\">Uruguay<\/a><\/u><\/li>\n<li><u><a href=\"https:\/\/lataxnet.net\/pt\/portfolio-items\/venezuela\/\">Venezuela<\/a><\/u><\/li>\n<\/ul>\n<\/div><div class=\"fusion-clearfix\"><\/div><\/div><\/div><div class=\"fusion-layout-column fusion_builder_column fusion-builder-column-1 fusion_builder_column_1_2 1_2 fusion-one-half fusion-column-last fusion-column-no-min-height\" style=\"width:50%;width:calc(50% - ( ( 4% ) * 0.5 ) );margin-top:0px;margin-bottom:0px;\"><div class=\"fusion-column-wrapper fusion-flex-column-wrapper-legacy\" style=\"background-position:left top;background-repeat:no-repeat;-webkit-background-size:cover;-moz-background-size:cover;-o-background-size:cover;background-size:cover;padding: 0px 0px 0px 0px;\"><div class=\"fusion-sep-clear\"><\/div><div class=\"fusion-separator fusion-full-width-sep\" style=\"margin-left: auto;margin-right: auto;margin-bottom:80px;width:100%;\"><div class=\"fusion-separator-border sep-single sep-solid\" style=\"border-color:#cc0033;border-top-width:3px;\"><\/div><\/div><div class=\"fusion-sep-clear\"><\/div><div class=\"fusion-person person fusion-person-center fusion-person-1 fusion-person-icon-top\"><div class=\"person-shortcode-image-wrapper\"><div class=\"person-image-container hover-type-zoomin person-rounded-overflow\" style=\"-webkit-border-radius:50%;-moz-border-radius:50%;border-radius:50%;border:0px solid #d6d6d6;-webkit-border-radius:50%;-moz-border-radius:50%;border-radius:50%;\"><img loading=\"lazy\" class=\"person-img img-responsive wp-image-6199\" width=\"240\" height=\"240\" src=\"https:\/\/lataxnet.net\/pt\/wp-content\/uploads\/2025\/07\/latax__0000_Catalian.jpg\" alt=\"Catalina Loaiza\" srcset=\"https:\/\/lataxnet.net\/pt\/wp-content\/uploads\/2025\/07\/latax__0000_Catalian-200x200.jpg 200w, https:\/\/lataxnet.net\/pt\/wp-content\/uploads\/2025\/07\/latax__0000_Catalian.jpg 240w\" sizes=\"(max-width: 800px) 100vw, 240px\" \/><\/div><\/div><div class=\"person-desc\"><div class=\"person-author\"><div class=\"person-author-wrapper\"><span class=\"person-name\">Catalina Loaiza<\/span><span class=\"person-title\"><\/span><\/div><\/div><div class=\"person-content fusion-clearfix\"><strong>Contato principal<\/strong><\/p>\n<p>Telefone:<a href=\"tel:+56976686470\">+569 7668.64.70<\/a><br \/>\n<a href=\"mailto:cloaiza@egbabogados.com\">cloaiza@egbabogados.com<\/a><\/div><\/div><\/div><div class=\"fusion-person person fusion-person-center fusion-person-2 fusion-person-icon-top\"><div class=\"person-shortcode-image-wrapper\"><div class=\"person-image-container hover-type-zoomin person-rounded-overflow\" style=\"-webkit-border-radius:50%;-moz-border-radius:50%;border-radius:50%;border:0px solid #d6d6d6;-webkit-border-radius:50%;-moz-border-radius:50%;border-radius:50%;\"><img loading=\"lazy\" class=\"person-img img-responsive wp-image-6200\" width=\"240\" height=\"240\" src=\"https:\/\/lataxnet.net\/pt\/wp-content\/uploads\/2025\/07\/latax__0001_javier.jpg\" alt=\"Javier Caire Barranco\" srcset=\"https:\/\/lataxnet.net\/pt\/wp-content\/uploads\/2025\/07\/latax__0001_javier-200x200.jpg 200w, https:\/\/lataxnet.net\/pt\/wp-content\/uploads\/2025\/07\/latax__0001_javier.jpg 240w\" sizes=\"(max-width: 800px) 100vw, 240px\" \/><\/div><\/div><div class=\"person-desc\"><div class=\"person-author\"><div class=\"person-author-wrapper\"><span class=\"person-name\">Javier Caire Barranco<\/span><span class=\"person-title\"><\/span><\/div><\/div><div class=\"person-content fusion-clearfix\"><strong>Contato principal<\/strong><\/p>\n<p>Telefone:<a href=\"tel:+525550814590\">+52 55 5081.4590<\/a><br \/>\n<a href=\"mailto:jcaire@turanzas.com.mx\">jcaire@turanzas.com.mx<\/a><\/div><\/div><\/div><div class=\"fusion-clearfix\"><\/div><\/div><\/div><\/div><\/div><div class=\"fusion-bg-parallax\" data-bg-align=\"left top\" data-direction=\"up\" data-mute=\"false\" data-opacity=\"100\" data-velocity=\"-0.4\" data-mobile-enabled=\"false\" data-break_parents=\"0\" data-bg-image=\"https:\/\/lataxnet.net\/pt\/wp-content\/uploads\/2015\/02\/banner-home-1.jpg\" data-bg-repeat=\"false\" data-bg-color=\"#2b313c\" ><\/div><div class=\"fusion-fullwidth fullwidth-box fusion-builder-row-2 fusion-parallax-up nonhundred-percent-fullwidth non-hundred-percent-height-scrolling\" style=\"background-color: #2b313c;background-image: url(&quot;https:\/\/lataxnet.net\/pt\/wp-content\/uploads\/2015\/02\/banner-home-1.jpg&quot;);background-position: left top;background-repeat: no-repeat;padding-top:110px;padding-right:0px;padding-bottom:85px;padding-left:0px;margin-bottom: 0px;margin-top: 0px;border-width: 0px 0px 0px 0px;border-color:#e2e2e2;border-style:solid;-webkit-background-size:cover;-moz-background-size:cover;-o-background-size:cover;background-size:cover;\" ><div class=\"fusion-builder-row fusion-row\"><div class=\"fusion-layout-column fusion_builder_column fusion-builder-column-2 fusion_builder_column_1_3 1_3 fusion-one-third fusion-column-first\" style=\"width:30.6666%; margin-right: 4%;margin-top:0px;margin-bottom:20px;\"><div class=\"fusion-column-wrapper fusion-flex-column-wrapper-legacy\" style=\"background-position:left top;background-repeat:no-repeat;-webkit-background-size:cover;-moz-background-size:cover;-o-background-size:cover;background-size:cover;padding: 0px 0px 0px 0px;\"><style type=\"text\/css\">@media only screen and (max-width:800px) {.fusion-title.fusion-title-2{margin-top:!important;margin-bottom:20px!important;}}<\/style><div class=\"fusion-title title fusion-title-2 fusion-sep-none fusion-title-text fusion-title-size-three\" style=\"margin-top:10px;margin-bottom:20px;\"><h3 class=\"title-heading-left\" style=\"margin:0;color:#ffffff;\">VAMOS COME\u00c7AR<\/h3><\/div><div class=\"fusion-text fusion-text-2\"><p><span style=\"color: #ffffff;\"><em>Estamos aqui para ajudar a responder \u00e0s suas perguntas. As quest\u00f5es judiciais podem ser complicadas mas nossos especialistas est\u00e3o \u00e0 disposi\u00e7\u00e3o para ajud\u00e1-lo(a) a prestar informa\u00e7\u00f5es sobre todas as suas necessidades. Temos muito orgulho em usar nossa experi\u00eancia em seu benef\u00edcio e aguardamos ansiosamente pelo seu contato.<\/em><\/span><\/p>\n<\/div><div class=\"fusion-sep-clear\"><\/div><div class=\"fusion-separator fusion-full-width-sep\" style=\"margin-left: auto;margin-right: auto;margin-top:40px;width:100%;\"><\/div><div class=\"fusion-sep-clear\"><\/div><div class=\"fusion-social-links\"><div class=\"fusion-social-networks\"><div class=\"fusion-social-networks-wrapper\"><a class=\"fusion-social-network-icon fusion-tooltip fusion-instagram fusion-icon-instagram\" style=\"color:#9ea0a4;font-size:16px;\" data-placement=\"top\" data-title=\"Instagram\" data-toggle=\"tooltip\" title=\"Instagram\" aria-label=\"fusion-instagram\" target=\"_blank\" rel=\"noopener noreferrer\" href=\"https:\/\/www.instagram.com\/themefusion\/\"><\/a><a class=\"fusion-social-network-icon fusion-tooltip fusion-facebook fusion-icon-facebook\" style=\"color:#9ea0a4;font-size:16px;\" data-placement=\"top\" data-title=\"Facebook\" data-toggle=\"tooltip\" title=\"Facebook\" aria-label=\"fusion-facebook\" target=\"_blank\" rel=\"noopener noreferrer\" href=\"https:\/\/www.facebook.com\/ThemeFusion-101565403356430\/\"><\/a><a class=\"fusion-social-network-icon fusion-tooltip fusion-twitter fusion-icon-twitter\" style=\"color:#9ea0a4;font-size:16px;\" data-placement=\"top\" data-title=\"Twitter\" data-toggle=\"tooltip\" title=\"Twitter\" aria-label=\"fusion-twitter\" target=\"_blank\" rel=\"noopener noreferrer\" href=\"https:\/\/twitter.com\/theme_fusion\"><\/a><a class=\"fusion-social-network-icon fusion-tooltip fusion-youtube fusion-icon-youtube\" style=\"color:#9ea0a4;font-size:16px;\" data-placement=\"top\" data-title=\"YouTube\" data-toggle=\"tooltip\" title=\"YouTube\" aria-label=\"fusion-youtube\" target=\"_blank\" rel=\"noopener noreferrer\" href=\"https:\/\/www.youtube.com\/channel\/UC_C7uAOAH9RMzZs-CKCZ62w\"><\/a><\/div><\/div><\/div><div class=\"fusion-clearfix\"><\/div><\/div><\/div><div class=\"fusion-layout-column fusion_builder_column fusion-builder-column-3 fusion_builder_column_2_3 2_3 fusion-two-third fusion-column-last\" style=\"width:65.3333%;margin-top:0px;margin-bottom:20px;\"><div class=\"fusion-column-wrapper fusion-flex-column-wrapper-legacy\" style=\"background-position:left top;background-repeat:no-repeat;-webkit-background-size:cover;-moz-background-size:cover;-o-background-size:cover;background-size:cover;padding: 0px 0px 0px 0px;\"><div role=\"form\" class=\"wpcf7\" id=\"wpcf7-f776-o1\" lang=\"en-US\" dir=\"ltr\">\n<div class=\"screen-reader-response\"><p role=\"status\" aria-live=\"polite\" aria-atomic=\"true\"><\/p> <ul><\/ul><\/div>\n<form action=\"\/pt\/wp-json\/wp\/v2\/pages\/2034#wpcf7-f776-o1\" method=\"post\" class=\"wpcf7-form init\" novalidate=\"novalidate\" data-status=\"init\">\n<div style=\"display: none;\">\n<input type=\"hidden\" name=\"_wpcf7\" value=\"776\" \/>\n<input type=\"hidden\" name=\"_wpcf7_version\" value=\"5.6.2\" \/>\n<input type=\"hidden\" name=\"_wpcf7_locale\" value=\"en_US\" \/>\n<input type=\"hidden\" name=\"_wpcf7_unit_tag\" value=\"wpcf7-f776-o1\" \/>\n<input type=\"hidden\" name=\"_wpcf7_container_post\" value=\"0\" \/>\n<input type=\"hidden\" name=\"_wpcf7_posted_data_hash\" value=\"\" \/>\n<\/div>\n<div style=\"color: #fff;\">\n<div class=\"fusion-one-half fusion-layout-column fusion-spacing-yes\" style=\"margin-bottom: 0px\">\n<p><label>NOME<br \/> <span class=\"wpcf7-form-control-wrap\" data-name=\"your-name\"><input type=\"text\" name=\"your-name\" value=\"\" size=\"40\" class=\"wpcf7-form-control wpcf7-text wpcf7-validates-as-required\" aria-required=\"true\" aria-invalid=\"false\" \/><\/span> <\/label><\/p>\n<\/div>\n<div class=\"fusion-one-half fusion-layout-column fusion-column-last fusion-spacing-yes\" style=\"margin-bottom: 0px\">\n<p><label>EMAIL<br \/> <span class=\"wpcf7-form-control-wrap\" data-name=\"your-email\"><input type=\"email\" name=\"your-email\" value=\"\" size=\"40\" class=\"wpcf7-form-control wpcf7-text wpcf7-email wpcf7-validates-as-required wpcf7-validates-as-email\" aria-required=\"true\" aria-invalid=\"false\" \/><\/span> <\/label><\/p>\n<\/div>\n<p><label>ASSUNTO<br \/> <span class=\"wpcf7-form-control-wrap\" data-name=\"your-subject\"><input type=\"text\" name=\"your-subject\" value=\"\" size=\"40\" class=\"wpcf7-form-control wpcf7-text wpcf7-validates-as-required\" aria-required=\"true\" aria-invalid=\"false\" \/><\/span> <\/label><\/p>\n<p><label>MENSAGEM<br \/> <span class=\"wpcf7-form-control-wrap\" data-name=\"your-message\"><textarea name=\"your-message\" cols=\"40\" rows=\"10\" class=\"wpcf7-form-control wpcf7-textarea\" aria-invalid=\"false\"><\/textarea><\/span> <\/label><\/p>\n<p><input type=\"submit\" value=\"ENVIAR MENSAGEM\" class=\"wpcf7-form-control has-spinner wpcf7-submit\" \/><\/p>\n<\/div>\n<div class=\"fusion-alert alert custom alert-custom fusion-alert-center wpcf7-response-output alert-dismissable\" style=\"border-width:1px;\"><button type=\"button\" class=\"close toggle-alert\" data-dismiss=\"alert\" aria-hidden=\"true\">&times;<\/button><div class=\"fusion-alert-content-wrapper\"><span class=\"fusion-alert-content\"><\/span><\/div><\/div><\/form><\/div><div class=\"fusion-clearfix\"><\/div><\/div><\/div><\/div><\/div><\/p>\n","protected":false},"excerpt":{"rendered":"","protected":false},"author":1,"featured_media":0,"parent":0,"menu_order":0,"comment_status":"closed","ping_status":"closed","template":"100-width.php","meta":[],"_links":{"self":[{"href":"https:\/\/lataxnet.net\/pt\/wp-json\/wp\/v2\/pages\/2034"}],"collection":[{"href":"https:\/\/lataxnet.net\/pt\/wp-json\/wp\/v2\/pages"}],"about":[{"href":"https:\/\/lataxnet.net\/pt\/wp-json\/wp\/v2\/types\/page"}],"author":[{"embeddable":true,"href":"https:\/\/lataxnet.net\/pt\/wp-json\/wp\/v2\/users\/1"}],"replies":[{"embeddable":true,"href":"https:\/\/lataxnet.net\/pt\/wp-json\/wp\/v2\/comments?post=2034"}],"version-history":[{"count":54,"href":"https:\/\/lataxnet.net\/pt\/wp-json\/wp\/v2\/pages\/2034\/revisions"}],"predecessor-version":[{"id":6201,"href":"https:\/\/lataxnet.net\/pt\/wp-json\/wp\/v2\/pages\/2034\/revisions\/6201"}],"wp:attachment":[{"href":"https:\/\/lataxnet.net\/pt\/wp-json\/wp\/v2\/media?parent=2034"}],"curies":[{"name":"wp","href":"https:\/\/api.w.org\/{rel}","templated":true}]}}