{"id":1869,"date":"2020-04-23T18:41:38","date_gmt":"2020-04-23T18:41:38","guid":{"rendered":"http:\/\/localhost\/wts\/?page_id=1869"},"modified":"2022-11-21T13:38:54","modified_gmt":"2022-11-21T13:38:54","slug":"impuesto-sobre-la-renta-persona-juridica","status":"publish","type":"page","link":"https:\/\/lataxnet.net\/es\/impuesto-sobre-la-renta-persona-juridica\/","title":{"rendered":"Impuesto sobre la renta &#8211; Persona jur\u00eddica"},"content":{"rendered":"<p><div class=\"fusion-fullwidth fullwidth-box fusion-builder-row-1 nonhundred-percent-fullwidth non-hundred-percent-height-scrolling\" style=\"background-color: rgba(255,255,255,0);background-position: center center;background-repeat: no-repeat;padding-top:0px;padding-right:0px;padding-bottom:0px;padding-left:0px;margin-bottom: 0px;margin-top: 0px;border-width: 0px 0px 0px 0px;border-color:#e2e2e2;border-style:solid;\" ><div class=\"fusion-builder-row fusion-row\"><div class=\"fusion-layout-column fusion_builder_column fusion-builder-column-0 fusion_builder_column_2_3 2_3 fusion-two-third fusion-column-first\" style=\"width:66.666666666667%;width:calc(66.666666666667% - ( ( 4% ) * 0.66666666666667 ) );margin-right: 4%;margin-top:0px;margin-bottom:0px;\"><div class=\"fusion-column-wrapper fusion-flex-column-wrapper-legacy\" style=\"background-position:left top;background-repeat:no-repeat;-webkit-background-size:cover;-moz-background-size:cover;-o-background-size:cover;background-size:cover;padding: 0px 0px 0px 0px;\"><style type=\"text\/css\"><\/style><div class=\"fusion-title title fusion-title-1 fusion-sep-none fusion-title-text fusion-title-size-three\" style=\"margin-top:10px;margin-bottom:15px;\"><h3 class=\"title-heading-left\" style=\"margin:0;color:#006d88;\"><span style=\"font-family: Akko;\" data-fusion-font=\"true\">Impuesto sobre la renta &#8211; Persona jur\u00eddica<\/span><\/h3><\/div><div class=\"fusion-clearfix\"><\/div><\/div><\/div><\/div><\/div><div class=\"fusion-fullwidth fullwidth-box fusion-builder-row-2 nonhundred-percent-fullwidth non-hundred-percent-height-scrolling\" style=\"background-color: rgba(255,255,255,0);background-position: center center;background-repeat: no-repeat;padding-top:0px;padding-right:0px;padding-bottom:0px;padding-left:0px;margin-bottom: 0px;margin-top: 0px;border-width: 0px 0px 0px 0px;border-color:#e2e2e2;border-style:solid;\" ><div class=\"fusion-builder-row fusion-row\"><div class=\"fusion-layout-column fusion_builder_column fusion-builder-column-1 fusion_builder_column_2_3 2_3 fusion-two-third fusion-column-first\" style=\"width:66.666666666667%;width:calc(66.666666666667% - ( ( 4% ) * 0.66666666666667 ) );margin-right: 4%;margin-top:0px;margin-bottom:20px;\"><div class=\"fusion-column-wrapper fusion-flex-column-wrapper-legacy\" style=\"background-position:left top;background-repeat:no-repeat;-webkit-background-size:cover;-moz-background-size:cover;-o-background-size:cover;background-size:cover;padding: 0px 0px 0px 0px;\"><div class=\"fusion-text fusion-text-1\"><p><b>Las oportunidades de inversi\u00f3n y de negocio van de la mano con la necesidad de optimizaci\u00f3n, ya que la estructuraci\u00f3n tributaria y el cumplimiento corporativo son medios fundamentales para garantizar ganancias de eficiencia de costo en el momento de la inversi\u00f3n, tanto durante el per\u00edodo de actividad y operaci\u00f3n de la empresa como tambi\u00e9n cuando llega el momento de la desinversi\u00f3n.<\/b><\/p>\n<p>En LATAXNET, construimos un amplio conocimiento para ofrecer apoyo a directores tributarios, gerentes y otros profesionales financieros en la evaluaci\u00f3n del impacto tributario de las decisiones empresariales, actuando como el primer recurso y enlace para los departamentos fiscales de las empresas, en la estructuraci\u00f3n de inversiones y operaciones, permitiendo a los clientes evitar las posibles trampas asociadas con las estructuras y pr\u00e1cticas fiscales en diferentes jurisdicciones.<\/p>\n<p>Ofrecemos alternativas jur\u00eddicas innovadoras basadas en la cooperaci\u00f3n con departamentos fiscales internos para lograr los m\u00e1s altos niveles de eficiencia fiscal, transformando las necesidades de nuestros clientes en soluciones fiscales sustentables.<\/p>\n<p>Con base en nuestra experiencia y cobertura internacional, LATAXNET ofrece estrategias de optimizaci\u00f3n tributaria individualizadas y recomienda alternativas de estructuraci\u00f3nalineadas con las pr\u00e1cticas empresariales establecidas por el cliente. La consultor\u00eda de LATAXNET cubre el dise\u00f1o y ejecuci\u00f3n de sofisticadas estructuras corporativas en el largo, mediano y corto plazo, sacando provecho de las oportunidades tributarias de acuerdo con las estructuras legales relevantes y su interfaz entre las jurisdicciones involucradas, siempre teniendo en cuenta las caracter\u00edsticas espec\u00edficas de las operaciones de los clientes.<\/p>\n<p>La abundancia de especialistas profesionales en toda la regi\u00f3n, con un profundo conocimiento de sus jurisdicciones, estructuras legales y operaciones empresariales, ya sean regionales, transfronterizas o internacionales, permite a LATAXNET proporcionar un an\u00e1lisis detallado de los componentes, riesgos, fases, contabilidad y escala de aplicaci\u00f3n de los sistemas tributarios en Am\u00e9rica Latina. Nuestro objetivo es ser un recurso de apoyo fundamental para la toma de decisiones sobre procesos tributarios y en la gesti\u00f3n de riesgos fiscales, teniendo en cuenta las normas locales y compromisos que surgen de la estructura internacional del programa cooperativo de cumplimiento tributario corporativo.<\/p>\n<p>Nuestro asesoramiento tributario corporativo incluye:<\/p>\n<ul>\n<li>Estructuraci\u00f3n y Reestructuraci\u00f3n Local y Transfronteriza<\/li>\n<li>Incentivos Fiscales<\/li>\n<li>Impuestos Internacionales y Transfronterizos<\/li>\n<li>Gesti\u00f3n de Riesgos Tributario y Cumplimiento Cooperativo<\/li>\n<li>Asistencia Contable e Informes Fiscales<\/li>\n<li>Revisi\u00f3n Previa a la Auditor\u00eda de Impuestos Corporativos<\/li>\n<li>Soporte de Auditor\u00eda Fiscal<\/li>\n<li>Proyecto de Estrategia Tributaria y Reestructuraci\u00f3n Empresarial<\/li>\n<li>Cumplimiento Fiscal<\/li>\n<li>Dise\u00f1o de Programas Cooperativos de Cumplimiento Fiscal Corporativo para Departamentos Tributarios.<\/li>\n<li>Asistencia y Representaci\u00f3n en Auditor\u00edas de campo, apelaciones administrativas y ante tribunales fiscales.<\/li>\n<\/ul>\n<\/div><div class=\"fusion-clearfix\"><\/div><\/div><\/div><div class=\"fusion-layout-column fusion_builder_column fusion-builder-column-2 fusion_builder_column_1_5 1_5 fusion-one-fifth fusion-column-last\" style=\"width:20%;width:calc(20% - ( ( 4% ) * 0.2 ) );margin-top:0px;margin-bottom:0px;\"><div class=\"fusion-column-wrapper fusion-flex-column-wrapper-legacy\" style=\"background-position:left top;background-repeat:no-repeat;-webkit-background-size:cover;-moz-background-size:cover;-o-background-size:cover;background-size:cover;border-width: 0px 0px 0px 0px;border-color:#d6d6d6;border-style:solid;padding: 0px 0px 0px 0px;\"><div class=\"fusion-sep-clear\"><\/div><div class=\"fusion-separator fusion-full-width-sep\" style=\"margin-left: auto;margin-right: auto;margin-top:20px;margin-bottom:20px;width:100%;\"><div class=\"fusion-separator-border sep-double\" style=\"border-color:#e2e2e2;border-top-width:1px;border-bottom-width:1px;\"><\/div><\/div><div class=\"fusion-sep-clear\"><\/div><div class=\"fusion-aligncenter\"><style type=\"text\/css\">.fusion-button.button-1 {border-radius:0px;}<\/style><a class=\"fusion-button button-flat fusion-button-default-size button-default button-1 fusion-button-default-span fusion-button-default-type\" target=\"_self\" href=\"https:\/\/lataxnet.net\/es\/equipo-de-impuestos-sobre-sociedades\/\"><span class=\"fusion-button-text\">Equipo Regional<\/span><\/a><\/div><div class=\"fusion-sep-clear\"><\/div><div class=\"fusion-separator fusion-full-width-sep\" style=\"margin-left: auto;margin-right: auto;margin-top:20px;margin-bottom:20px;width:100%;\"><div class=\"fusion-separator-border sep-double\" style=\"border-color:#e2e2e2;border-top-width:1px;border-bottom-width:1px;\"><\/div><\/div><div class=\"fusion-sep-clear\"><\/div><div class=\"fusion-aligncenter\"><style type=\"text\/css\">.fusion-button.button-2 {border-radius:0px;}<\/style><a class=\"fusion-button button-flat fusion-button-default-size button-default button-2 fusion-button-default-span fusion-button-default-type\" target=\"_self\" href=\"https:\/\/wts.com\/global\/experts\/corporate-tax-team\"><span class=\"fusion-button-text\">Equipo de WTS Global<\/span><\/a><\/div><div class=\"fusion-clearfix\"><\/div><\/div><\/div><\/div><\/div><div class=\"fusion-fullwidth fullwidth-box fusion-builder-row-3 hundred-percent-fullwidth non-hundred-percent-height-scrolling\" style=\"background-color: rgba(255,255,255,0);background-position: center center;background-repeat: no-repeat;padding-top:0px;padding-right:0px;padding-bottom:0px;padding-left:0px;margin-bottom: 0px;margin-top: 0px;border-width: 0px 0px 0px 0px;border-color:#e2e2e2;border-style:solid;\" ><div class=\"fusion-builder-row fusion-row\"><div class=\"fusion-layout-column fusion_builder_column fusion-builder-column-3 fusion_builder_column_1_1 1_1 fusion-one-full fusion-column-first fusion-column-last\" style=\"margin-top:0px;margin-bottom:0px;\"><div class=\"fusion-column-wrapper fusion-flex-column-wrapper-legacy\" style=\"background-position:left top;background-repeat:no-repeat;-webkit-background-size:cover;-moz-background-size:cover;-o-background-size:cover;background-size:cover;padding: 0px 0px 0px 0px;\"><div class=\"fusion-modal modal fade modal-1 expert\" tabindex=\"-1\" role=\"dialog\" aria-labelledby=\"modal-heading-1\" aria-hidden=\"true\"><style type=\"text\/css\">.modal-1 .modal-header, .modal-1 .modal-footer{border-color:#e2e2e2;}<\/style><div class=\"modal-dialog modal-lg\"><div class=\"modal-content fusion-modal-content\" style=\"background-color:#ffffff\"><div class=\"modal-header\"><button class=\"close\" type=\"button\" data-dismiss=\"modal\" aria-hidden=\"true\">&times;<\/button><h3 class=\"modal-title\" id=\"modal-heading-1\" data-dismiss=\"modal\" aria-hidden=\"true\">\u00a1Pregunta a uno de nuestros expertos!<\/h3><\/div><div class=\"modal-body fusion-clearfix\">\n<div class=\"fusion-builder-row fusion-builder-row-inner fusion-row\"><div class=\"fusion-layout-column fusion_builder_column_inner fusion-builder-nested-column-0 fusion_builder_column_inner_2_5 2_5 fusion-two-fifth fusion-column-first\" style=\"width:40%;width:calc(40% - ( ( 4% ) * 0.4 ) );margin-right: 4%;margin-top:0px;margin-bottom:20px;\"><div class=\"fusion-column-wrapper fusion-flex-column-wrapper-legacy\" style=\"background-position:left top;background-repeat:no-repeat;-webkit-background-size:cover;-moz-background-size:cover;-o-background-size:cover;background-size:cover;padding: 0px 0px 0px 0px;\"> <div class=\"fusion-sep-clear\"><\/div><div class=\"fusion-separator fusion-full-width-sep\" style=\"margin-left: auto;margin-right: auto;margin-top:10px;margin-bottom:0px;width:100%;\"><\/div><div class=\"fusion-sep-clear\"><\/div> <span class=\" fusion-imageframe imageframe-none imageframe-1 hover-type-none\"><img width=\"299\" image_height=\"223\" image_id=\"457\" title=\"shaking-hands\" src=\"https:\/\/lataxnet.net\/es\/wp-content\/uploads\/2015\/02\/shaking-hands.png\" class=\"img-responsive wp-image-457\"\/><\/span> <div class=\"fusion-sep-clear\"><\/div><div class=\"fusion-separator fusion-full-width-sep\" style=\"margin-left: auto;margin-right: auto;margin-top:18px;margin-bottom:18px;width:100%;\"><\/div><div class=\"fusion-sep-clear\"><\/div> <span class=\" fusion-imageframe imageframe-none imageframe-2 hover-type-none\"><img width=\"276\" image_height=\"45\" image_id=\"4648\" title=\"logo-lataxnet-smallcontact1\" src=\"https:\/\/lataxnet.net\/es\/wp-content\/uploads\/2021\/04\/logo-lataxnet-smallcontact1.png\" class=\"img-responsive wp-image-4648\" srcset=\"https:\/\/lataxnet.net\/es\/wp-content\/uploads\/2021\/04\/logo-lataxnet-smallcontact1-200x33.png 200w, https:\/\/lataxnet.net\/es\/wp-content\/uploads\/2021\/04\/logo-lataxnet-smallcontact1.png 276w\" sizes=\"(max-width: 800px) 100vw, 276px\" \/><\/span> <div class=\"fusion-sep-clear\"><\/div><div class=\"fusion-separator fusion-full-width-sep\" style=\"margin-left: auto;margin-right: auto;margin-top:5px;margin-bottom:5px;width:100%;\"><\/div><div class=\"fusion-sep-clear\"><\/div><div class=\"fusion-text fusion-text-2\"><p> Estamos aqu\u00ed para ayudarle a responder sus preguntas y asesorarle en lo que requiera. Los asuntos judiciales pueden ser complicados, por ello nuestros expertos est\u00e1n disponibles para asesorarlo sobre cualquier asunto fiscal o legal en que requiera apoyo<\/p>\n<\/div> <div class=\"fusion-clearfix\"><\/div><\/div><\/div> <div class=\"fusion-layout-column fusion_builder_column_inner fusion-builder-nested-column-1 fusion_builder_column_inner_3_5 3_5 fusion-three-fifth fusion-column-last\" style=\"width:60%;width:calc(60% - ( ( 4% ) * 0.6 ) );margin-top:0px;margin-bottom:20px;\"><div class=\"fusion-column-wrapper fusion-flex-column-wrapper-legacy\" style=\"background-position:left top;background-repeat:no-repeat;-webkit-background-size:cover;-moz-background-size:cover;-o-background-size:cover;background-size:cover;padding: 0px 0px 0px 0px;\"> <div role=\"form\" class=\"wpcf7\" id=\"wpcf7-f661-o1\" lang=\"en-US\" dir=\"ltr\">\n<div class=\"screen-reader-response\"><p role=\"status\" aria-live=\"polite\" aria-atomic=\"true\"><\/p> <ul><\/ul><\/div>\n<form action=\"\/es\/wp-json\/wp\/v2\/pages\/1869#wpcf7-f661-o1\" method=\"post\" class=\"wpcf7-form init\" novalidate=\"novalidate\" data-status=\"init\">\n<div style=\"display: none;\">\n<input type=\"hidden\" name=\"_wpcf7\" value=\"661\" \/>\n<input type=\"hidden\" name=\"_wpcf7_version\" value=\"5.4.1\" \/>\n<input type=\"hidden\" name=\"_wpcf7_locale\" value=\"en_US\" \/>\n<input type=\"hidden\" name=\"_wpcf7_unit_tag\" value=\"wpcf7-f661-o1\" \/>\n<input type=\"hidden\" name=\"_wpcf7_container_post\" value=\"0\" \/>\n<input type=\"hidden\" name=\"_wpcf7_posted_data_hash\" value=\"\" \/>\n<\/div>\n<p><label>Nombre (requirido)<br \/>\n    <span class=\"wpcf7-form-control-wrap your-name\"><input type=\"text\" name=\"your-name\" value=\"\" size=\"40\" class=\"wpcf7-form-control wpcf7-text wpcf7-validates-as-required\" aria-required=\"true\" aria-invalid=\"false\" \/><\/span> <\/label><\/p>\n<p><label>Email (requirido)<br \/>\n    <span class=\"wpcf7-form-control-wrap your-email\"><input type=\"email\" name=\"your-email\" value=\"\" size=\"40\" class=\"wpcf7-form-control wpcf7-text wpcf7-email wpcf7-validates-as-required wpcf7-validates-as-email\" aria-required=\"true\" aria-invalid=\"false\" \/><\/span> <\/label><\/p>\n<p><label>Asunto<br \/>\n    <span class=\"wpcf7-form-control-wrap your-subject\"><input type=\"text\" name=\"your-subject\" value=\"\" size=\"40\" class=\"wpcf7-form-control wpcf7-text\" aria-invalid=\"false\" \/><\/span> <\/label><\/p>\n<p><label>Enviar Mensaje<br \/>\n    <span class=\"wpcf7-form-control-wrap your-message\"><textarea name=\"your-message\" cols=\"40\" rows=\"10\" class=\"wpcf7-form-control wpcf7-textarea\" aria-invalid=\"false\"><\/textarea><\/span> <\/label><\/p>\n<p><input type=\"submit\" value=\"Enviar\" class=\"wpcf7-form-control wpcf7-submit\" \/><\/p>\n<div class=\"fusion-alert alert custom alert-custom fusion-alert-center wpcf7-response-output alert-dismissable\" style=\"border-width:1px;\"><button type=\"button\" class=\"close toggle-alert\" data-dismiss=\"alert\" aria-hidden=\"true\">&times;<\/button><div class=\"fusion-alert-content-wrapper\"><span class=\"fusion-alert-content\"><\/span><\/div><\/div><\/form><\/div> <div class=\"fusion-clearfix\"><\/div><\/div><\/div><\/div>\n<\/div><div class=\"modal-footer\"><a class=\"fusion-button button-default button-medium button default medium\" data-dismiss=\"modal\">Close<\/a><\/div><\/div><\/div><\/div><div class=\"fusion-clearfix\"><\/div><\/div><\/div><\/div><\/div><div class=\"fusion-fullwidth fullwidth-box fusion-builder-row-4 nonhundred-percent-fullwidth non-hundred-percent-height-scrolling fusion-equal-height-columns\" style=\"background-color: #282828;background-position: center center;background-repeat: no-repeat;padding-top:75px;padding-right:0px;padding-bottom:35px;padding-left:0px;margin-bottom: 0px;margin-top: 0px;border-width: 0px 0px 0px 0px;border-color:#e2e2e2;border-style:solid;\" ><div class=\"fusion-builder-row fusion-row\"><div class=\"fusion-layout-column fusion_builder_column fusion-builder-column-4 fusion_builder_column_3_4 3_4 fusion-three-fourth fusion-column-first\" style=\"width:74%; margin-right: 4%;margin-top:0px;margin-bottom:20px;\"><div class=\"fusion-column-wrapper fusion-flex-column-wrapper-legacy\" style=\"background-position:left top;background-repeat:no-repeat;-webkit-background-size:cover;-moz-background-size:cover;-o-background-size:cover;background-size:cover;padding: 0px 0px 0px 0px;\"><div class=\"fusion-text fusion-text-3\" style=\"color:#ffffff;\"><p><strong>Cont\u00e1ctenos<\/strong><\/p>\n<p>Si tiene alguna duda sobre LATAXNET o nuestros servicios globales, cont\u00e1ctenos.<br \/>\nResponderemos lo antes posible.<\/p>\n<\/div><div class=\"fusion-clearfix\"><\/div><\/div><\/div><div class=\"fusion-layout-column fusion_builder_column fusion-builder-column-5 fusion_builder_column_1_4 1_4 fusion-one-fourth fusion-column-last\" style=\"width:22%;margin-top:0px;margin-bottom:20px;\"><div class=\"fusion-column-wrapper fusion-flex-column-wrapper-legacy\" style=\"background-position:left top;background-repeat:no-repeat;-webkit-background-size:cover;-moz-background-size:cover;-o-background-size:cover;background-size:cover;padding: 0px 0px 0px 0px;\"><div class=\"fusion-column-content-centered\"><div class=\"fusion-column-content\"><div class=\"fusion-aligncenter\"><style type=\"text\/css\">.fusion-button.button-3 .fusion-button-text, .fusion-button.button-3 i {color:#ffffff;}.fusion-button.button-3 .fusion-button-icon-divider{border-color:#ffffff;}.fusion-button.button-3:hover .fusion-button-text, .fusion-button.button-3:hover i,.fusion-button.button-3:focus .fusion-button-text, .fusion-button.button-3:focus i,.fusion-button.button-3:active .fusion-button-text, .fusion-button.button-3:active{color:#cc0033;}.fusion-button.button-3:hover .fusion-button-icon-divider, .fusion-button.button-3:hover .fusion-button-icon-divider, .fusion-button.button-3:active .fusion-button-icon-divider{border-color:#cc0033;}.fusion-button.button-3:hover, .fusion-button.button-3:focus, .fusion-button.button-3:active{border-color:#cc0033;border-width:1px;}.fusion-button.button-3 {border-color:#ffffff;border-width:1px;border-radius:0px;}.fusion-button.button-3{background: #282828;}.fusion-button.button-3:hover,.button-3:focus,.fusion-button.button-3:active{background: #ffffff;}<\/style><a class=\"fusion-button button-flat button-xlarge button-custom button-3 fusion-button-default-span fusion-button-default-type\" target=\"_self\" href=\"#\" data-toggle=\"modal\" data-target=\".fusion-modal.expert\"><span class=\"fusion-button-text\">Contacto<\/span><\/a><\/div><\/div><\/div><div class=\"fusion-clearfix\"><\/div><\/div><\/div><\/div><\/div><\/p>\n","protected":false},"excerpt":{"rendered":"","protected":false},"author":1,"featured_media":0,"parent":0,"menu_order":0,"comment_status":"closed","ping_status":"closed","template":"100-width.php","meta":[],"_links":{"self":[{"href":"https:\/\/lataxnet.net\/es\/wp-json\/wp\/v2\/pages\/1869"}],"collection":[{"href":"https:\/\/lataxnet.net\/es\/wp-json\/wp\/v2\/pages"}],"about":[{"href":"https:\/\/lataxnet.net\/es\/wp-json\/wp\/v2\/types\/page"}],"author":[{"embeddable":true,"href":"https:\/\/lataxnet.net\/es\/wp-json\/wp\/v2\/users\/1"}],"replies":[{"embeddable":true,"href":"https:\/\/lataxnet.net\/es\/wp-json\/wp\/v2\/comments?post=1869"}],"version-history":[{"count":26,"href":"https:\/\/lataxnet.net\/es\/wp-json\/wp\/v2\/pages\/1869\/revisions"}],"predecessor-version":[{"id":5839,"href":"https:\/\/lataxnet.net\/es\/wp-json\/wp\/v2\/pages\/1869\/revisions\/5839"}],"wp:attachment":[{"href":"https:\/\/lataxnet.net\/es\/wp-json\/wp\/v2\/media?parent=1869"}],"curies":[{"name":"wp","href":"https:\/\/api.w.org\/{rel}","templated":true}]}}